{"id":6725,"date":"2022-09-25T18:36:50","date_gmt":"2022-09-25T16:36:50","guid":{"rendered":"https:\/\/fotofrangonz.com\/personalizar-cookies"},"modified":"2022-09-25T18:36:50","modified_gmt":"2022-09-25T16:36:50","slug":"personalizar-cookies","status":"publish","type":"page","link":"https:\/\/fotofrangonz.com\/es\/personalizar-cookies","title":{"rendered":"Personalizar Cookies"},"content":{"rendered":"","protected":false},"excerpt":{"rendered":"","protected":false},"author":1,"featured_media":0,"parent":0,"menu_order":0,"comment_status":"closed","ping_status":"closed","template":"","meta":{"_monsterinsights_skip_tracking":false,"_monsterinsights_sitenote_active":false,"_monsterinsights_sitenote_note":"","_monsterinsights_sitenote_category":0,"_vp_format_video_url":"","_vp_image_focal_point":[],"footnotes":""},"class_list":["post-6725","page","type-page","status-publish","hentry"],"yoast_head":"<!-- This site is optimized with the Yoast SEO plugin v27.3 - https:\/\/yoast.com\/product\/yoast-seo-wordpress\/ -->\n<title>Personalizar Cookies - Francisco Gonz\u00e1lez SOLEMNITY<\/title>\n<meta name=\"robots\" content=\"index, follow, max-snippet:-1, max-image-preview:large, max-video-preview:-1\" \/>\n<link rel=\"canonical\" href=\"https:\/\/fotofrangonz.com\/es\/personalizar-cookies\" \/>\n<meta property=\"og:locale\" content=\"es_ES\" \/>\n<meta property=\"og:type\" content=\"article\" \/>\n<meta property=\"og:title\" content=\"Personalizar Cookies - Francisco Gonz\u00e1lez SOLEMNITY\" \/>\n<meta property=\"og:url\" content=\"https:\/\/fotofrangonz.com\/es\/personalizar-cookies\" \/>\n<meta property=\"og:site_name\" content=\"Francisco Gonz\u00e1lez SOLEMNITY\" \/>\n<meta property=\"article:publisher\" content=\"https:\/\/www.facebook.com\/fotofrangonz\" \/>\n<meta property=\"og:image\" content=\"https:\/\/i0.wp.com\/fotofrangonz.com\/wp-content\/uploads\/2021\/01\/Captura-de-pantalla-2021-01-20-a-las-10.19.22.jpg?fit=1550%2C895&ssl=1\" \/>\n\t<meta property=\"og:image:width\" content=\"1550\" \/>\n\t<meta property=\"og:image:height\" content=\"895\" \/>\n\t<meta property=\"og:image:type\" content=\"image\/jpeg\" \/>\n<meta name=\"twitter:card\" content=\"summary_large_image\" \/>\n<meta name=\"twitter:site\" content=\"@fotofrangonz\" \/>\n<script type=\"application\/ld+json\" class=\"yoast-schema-graph\">{\"@context\":\"https:\\\/\\\/schema.org\",\"@graph\":[{\"@type\":\"WebPage\",\"@id\":\"https:\\\/\\\/fotofrangonz.com\\\/es\\\/personalizar-cookies\",\"url\":\"https:\\\/\\\/fotofrangonz.com\\\/es\\\/personalizar-cookies\",\"name\":\"Personalizar Cookies - Francisco Gonz\u00e1lez SOLEMNITY\",\"isPartOf\":{\"@id\":\"https:\\\/\\\/fotofrangonz.com\\\/es\\\/#website\"},\"datePublished\":\"2022-09-25T16:36:50+00:00\",\"breadcrumb\":{\"@id\":\"https:\\\/\\\/fotofrangonz.com\\\/es\\\/personalizar-cookies#breadcrumb\"},\"inLanguage\":\"es\",\"potentialAction\":[{\"@type\":\"ReadAction\",\"target\":[\"https:\\\/\\\/fotofrangonz.com\\\/es\\\/personalizar-cookies\"]}]},{\"@type\":\"BreadcrumbList\",\"@id\":\"https:\\\/\\\/fotofrangonz.com\\\/es\\\/personalizar-cookies#breadcrumb\",\"itemListElement\":[{\"@type\":\"ListItem\",\"position\":1,\"name\":\"Portada\",\"item\":\"https:\\\/\\\/fotofrangonz.com\\\/es\"},{\"@type\":\"ListItem\",\"position\":2,\"name\":\"Personalizar Cookies\"}]},{\"@type\":\"WebSite\",\"@id\":\"https:\\\/\\\/fotofrangonz.com\\\/es\\\/#website\",\"url\":\"https:\\\/\\\/fotofrangonz.com\\\/es\\\/\",\"name\":\"Francisco Gonz\u00e1lez SOLEMNITY\",\"description\":\"Siente la magia de la fantas\u00eda, lo \u00e9pico y majestuoso, asombro m\u00edstico y espiritual.\",\"potentialAction\":[{\"@type\":\"SearchAction\",\"target\":{\"@type\":\"EntryPoint\",\"urlTemplate\":\"https:\\\/\\\/fotofrangonz.com\\\/es\\\/?s={search_term_string}\"},\"query-input\":{\"@type\":\"PropertyValueSpecification\",\"valueRequired\":true,\"valueName\":\"search_term_string\"}}],\"inLanguage\":\"es\"}]}<\/script>\n<!-- \/ Yoast SEO plugin. -->","yoast_head_json":{"title":"Personalizar Cookies - Francisco Gonz\u00e1lez SOLEMNITY","robots":{"index":"index","follow":"follow","max-snippet":"max-snippet:-1","max-image-preview":"max-image-preview:large","max-video-preview":"max-video-preview:-1"},"canonical":"https:\/\/fotofrangonz.com\/es\/personalizar-cookies","og_locale":"es_ES","og_type":"article","og_title":"Personalizar Cookies - Francisco Gonz\u00e1lez SOLEMNITY","og_url":"https:\/\/fotofrangonz.com\/es\/personalizar-cookies","og_site_name":"Francisco Gonz\u00e1lez SOLEMNITY","article_publisher":"https:\/\/www.facebook.com\/fotofrangonz","og_image":[{"width":1550,"height":895,"url":"https:\/\/i0.wp.com\/fotofrangonz.com\/wp-content\/uploads\/2021\/01\/Captura-de-pantalla-2021-01-20-a-las-10.19.22.jpg?fit=1550%2C895&ssl=1","type":"image\/jpeg"}],"twitter_card":"summary_large_image","twitter_site":"@fotofrangonz","schema":{"@context":"https:\/\/schema.org","@graph":[{"@type":"WebPage","@id":"https:\/\/fotofrangonz.com\/es\/personalizar-cookies","url":"https:\/\/fotofrangonz.com\/es\/personalizar-cookies","name":"Personalizar Cookies - Francisco Gonz\u00e1lez SOLEMNITY","isPartOf":{"@id":"https:\/\/fotofrangonz.com\/es\/#website"},"datePublished":"2022-09-25T16:36:50+00:00","breadcrumb":{"@id":"https:\/\/fotofrangonz.com\/es\/personalizar-cookies#breadcrumb"},"inLanguage":"es","potentialAction":[{"@type":"ReadAction","target":["https:\/\/fotofrangonz.com\/es\/personalizar-cookies"]}]},{"@type":"BreadcrumbList","@id":"https:\/\/fotofrangonz.com\/es\/personalizar-cookies#breadcrumb","itemListElement":[{"@type":"ListItem","position":1,"name":"Portada","item":"https:\/\/fotofrangonz.com\/es"},{"@type":"ListItem","position":2,"name":"Personalizar Cookies"}]},{"@type":"WebSite","@id":"https:\/\/fotofrangonz.com\/es\/#website","url":"https:\/\/fotofrangonz.com\/es\/","name":"Francisco Gonz\u00e1lez SOLEMNITY","description":"Siente la magia de la fantas\u00eda, lo \u00e9pico y majestuoso, asombro m\u00edstico y espiritual.","potentialAction":[{"@type":"SearchAction","target":{"@type":"EntryPoint","urlTemplate":"https:\/\/fotofrangonz.com\/es\/?s={search_term_string}"},"query-input":{"@type":"PropertyValueSpecification","valueRequired":true,"valueName":"search_term_string"}}],"inLanguage":"es"}]}},"jetpack_sharing_enabled":true,"_links":{"self":[{"href":"https:\/\/fotofrangonz.com\/es\/wp-json\/wp\/v2\/pages\/6725","targetHints":{"allow":["GET"]}}],"collection":[{"href":"https:\/\/fotofrangonz.com\/es\/wp-json\/wp\/v2\/pages"}],"about":[{"href":"https:\/\/fotofrangonz.com\/es\/wp-json\/wp\/v2\/types\/page"}],"author":[{"embeddable":true,"href":"https:\/\/fotofrangonz.com\/es\/wp-json\/wp\/v2\/users\/1"}],"replies":[{"embeddable":true,"href":"https:\/\/fotofrangonz.com\/es\/wp-json\/wp\/v2\/comments?post=6725"}],"version-history":[{"count":0,"href":"https:\/\/fotofrangonz.com\/es\/wp-json\/wp\/v2\/pages\/6725\/revisions"}],"wp:attachment":[{"href":"https:\/\/fotofrangonz.com\/es\/wp-json\/wp\/v2\/media?parent=6725"}],"curies":[{"name":"wp","href":"https:\/\/api.w.org\/{rel}","templated":true}]}}