{"id":3382,"date":"2021-10-13T12:19:46","date_gmt":"2021-10-13T10:19:46","guid":{"rendered":"https:\/\/fotofrangonz.com\/en\/?page_id=3382"},"modified":"2021-10-13T12:25:46","modified_gmt":"2021-10-13T10:25:46","slug":"support","status":"publish","type":"page","link":"https:\/\/fotofrangonz.com\/es\/support","title":{"rendered":"Apoya el proyecto"},"content":{"rendered":"\n<p>Si disfrutas del trabajo que comparto y te gustar\u00eda colaborar, mostrar aprecio, y ayudar a que pueda seguir creando m\u00e1s, puedes aportar con un donativo de la cantidad que quieras usando Paypal (no es necesario estar registrado).<\/p>\n\n\n\n<p><\/p>\n\n\n\n<form action=\"https:\/\/www.paypal.com\/donate\" method=\"post\" target=\"_top\">\n<input type=\"hidden\" name=\"hosted_button_id\" value=\"9HBBGWP5NEAW2\">\n<input type=\"image\" src=\"https:\/\/www.paypalobjects.com\/es_ES\/ES\/i\/btn\/btn_donate_LG.gif\" border=\"0\" name=\"submit\" title=\"PayPal - The safer, easier way to pay online!\" alt=\"Donate with PayPal button\">\n<noscript><img data-recalc-dims=\"1\" loading=\"lazy\" decoding=\"async\" alt=\"\" border=\"0\" data-skip-lazy src=\"https:\/\/i0.wp.com\/www.paypal.com\/es_ES\/i\/scr\/pixel.gif?resize=1%2C1&#038;ssl=1\" width=\"1\" height=\"1\"><\/noscript><img loading=\"eager\" decoding=\"async\" alt border=\"0\" src=\"data:image\/svg+xml;base64,PHN2ZyB3aWR0aD0iMSIgaGVpZ2h0PSIxIiB2aWV3Qm94PSIwIDAgMSAxIiBmaWxsPSJub25lIiB4bWxucz0iaHR0cDovL3d3dy53My5vcmcvMjAwMC9zdmciPjwvc3ZnPg==\" width=\"1\" height=\"1\" data-src=\"https:\/\/www.paypal.com\/es_ES\/i\/scr\/pixel.gif\" data-sizes=\"auto\" class=\"vp-lazyload\">\n<\/form>\n","protected":false},"excerpt":{"rendered":"<p>Si disfrutas del trabajo que comparto y te gustar\u00eda colaborar, mostrar aprecio, y ayudar a que pueda seguir creando m\u00e1s, puedes aportar con un donativo de la cantidad que quieras usando Paypal (no es necesario estar registrado).<\/p>\n","protected":false},"author":1,"featured_media":48,"parent":0,"menu_order":0,"comment_status":"closed","ping_status":"closed","template":"","meta":{"_monsterinsights_skip_tracking":false,"_monsterinsights_sitenote_active":false,"_monsterinsights_sitenote_note":"","_monsterinsights_sitenote_category":0,"_vp_format_video_url":"","_vp_image_focal_point":[],"footnotes":""},"class_list":["post-3382","page","type-page","status-publish","has-post-thumbnail","hentry"],"yoast_head":"<!-- This site is optimized with the Yoast SEO plugin v27.3 - https:\/\/yoast.com\/product\/yoast-seo-wordpress\/ -->\n<title>Apoya el proyecto - Francisco Gonz\u00e1lez SOLEMNITY<\/title>\n<meta name=\"robots\" content=\"index, follow, max-snippet:-1, max-image-preview:large, max-video-preview:-1\" \/>\n<link rel=\"canonical\" href=\"https:\/\/fotofrangonz.com\/es\/support\" \/>\n<meta property=\"og:locale\" content=\"es_ES\" \/>\n<meta property=\"og:type\" content=\"article\" \/>\n<meta property=\"og:title\" content=\"Apoya el proyecto - Francisco Gonz\u00e1lez SOLEMNITY\" \/>\n<meta property=\"og:description\" content=\"Si disfrutas del trabajo que comparto y te gustar\u00eda colaborar, mostrar aprecio, y ayudar a que pueda seguir creando m\u00e1s, puedes aportar con un donativo de la cantidad que quieras usando Paypal (no es necesario estar registrado).\" \/>\n<meta property=\"og:url\" content=\"https:\/\/fotofrangonz.com\/es\/support\" \/>\n<meta property=\"og:site_name\" content=\"Francisco Gonz\u00e1lez SOLEMNITY\" \/>\n<meta property=\"article:publisher\" content=\"https:\/\/www.facebook.com\/fotofrangonz\" \/>\n<meta property=\"article:modified_time\" content=\"2021-10-13T10:25:46+00:00\" \/>\n<meta property=\"og:image\" content=\"https:\/\/fotofrangonz.com\/wp-content\/uploads\/2016\/02\/2016-01-26_20-48-34-Campo-nocturno.jpg\" \/>\n\t<meta property=\"og:image:width\" content=\"640\" \/>\n\t<meta property=\"og:image:height\" content=\"960\" \/>\n\t<meta property=\"og:image:type\" content=\"image\/jpeg\" \/>\n<meta name=\"twitter:card\" content=\"summary_large_image\" \/>\n<meta name=\"twitter:site\" content=\"@fotofrangonz\" \/>\n<meta name=\"twitter:label1\" content=\"Tiempo de lectura\" \/>\n\t<meta name=\"twitter:data1\" content=\"1 minuto\" \/>\n<script type=\"application\/ld+json\" class=\"yoast-schema-graph\">{\"@context\":\"https:\\\/\\\/schema.org\",\"@graph\":[{\"@type\":\"WebPage\",\"@id\":\"https:\\\/\\\/fotofrangonz.com\\\/es\\\/support\",\"url\":\"https:\\\/\\\/fotofrangonz.com\\\/es\\\/support\",\"name\":\"Apoya el proyecto - Francisco Gonz\u00e1lez SOLEMNITY\",\"isPartOf\":{\"@id\":\"https:\\\/\\\/fotofrangonz.com\\\/es\\\/#website\"},\"primaryImageOfPage\":{\"@id\":\"https:\\\/\\\/fotofrangonz.com\\\/es\\\/support#primaryimage\"},\"image\":{\"@id\":\"https:\\\/\\\/fotofrangonz.com\\\/es\\\/support#primaryimage\"},\"thumbnailUrl\":\"https:\\\/\\\/i0.wp.com\\\/fotofrangonz.com\\\/wp-content\\\/uploads\\\/2016\\\/02\\\/2016-01-26_20-48-34-Campo-nocturno.jpg?fit=640%2C960&ssl=1\",\"datePublished\":\"2021-10-13T10:19:46+00:00\",\"dateModified\":\"2021-10-13T10:25:46+00:00\",\"breadcrumb\":{\"@id\":\"https:\\\/\\\/fotofrangonz.com\\\/es\\\/support#breadcrumb\"},\"inLanguage\":\"es\",\"potentialAction\":[{\"@type\":\"ReadAction\",\"target\":[\"https:\\\/\\\/fotofrangonz.com\\\/es\\\/support\"]}]},{\"@type\":\"ImageObject\",\"inLanguage\":\"es\",\"@id\":\"https:\\\/\\\/fotofrangonz.com\\\/es\\\/support#primaryimage\",\"url\":\"https:\\\/\\\/i0.wp.com\\\/fotofrangonz.com\\\/wp-content\\\/uploads\\\/2016\\\/02\\\/2016-01-26_20-48-34-Campo-nocturno.jpg?fit=640%2C960&ssl=1\",\"contentUrl\":\"https:\\\/\\\/i0.wp.com\\\/fotofrangonz.com\\\/wp-content\\\/uploads\\\/2016\\\/02\\\/2016-01-26_20-48-34-Campo-nocturno.jpg?fit=640%2C960&ssl=1\",\"width\":640,\"height\":960,\"caption\":\"Constelaci\u00f3n de Ori\u00f3n\"},{\"@type\":\"BreadcrumbList\",\"@id\":\"https:\\\/\\\/fotofrangonz.com\\\/es\\\/support#breadcrumb\",\"itemListElement\":[{\"@type\":\"ListItem\",\"position\":1,\"name\":\"Portada\",\"item\":\"https:\\\/\\\/fotofrangonz.com\\\/es\"},{\"@type\":\"ListItem\",\"position\":2,\"name\":\"Apoya el proyecto\"}]},{\"@type\":\"WebSite\",\"@id\":\"https:\\\/\\\/fotofrangonz.com\\\/es\\\/#website\",\"url\":\"https:\\\/\\\/fotofrangonz.com\\\/es\\\/\",\"name\":\"Francisco Gonz\u00e1lez SOLEMNITY\",\"description\":\"Siente la magia de la fantas\u00eda, lo \u00e9pico y majestuoso, asombro m\u00edstico y espiritual.\",\"potentialAction\":[{\"@type\":\"SearchAction\",\"target\":{\"@type\":\"EntryPoint\",\"urlTemplate\":\"https:\\\/\\\/fotofrangonz.com\\\/es\\\/?s={search_term_string}\"},\"query-input\":{\"@type\":\"PropertyValueSpecification\",\"valueRequired\":true,\"valueName\":\"search_term_string\"}}],\"inLanguage\":\"es\"}]}<\/script>\n<!-- \/ Yoast SEO plugin. -->","yoast_head_json":{"title":"Apoya el proyecto - Francisco Gonz\u00e1lez SOLEMNITY","robots":{"index":"index","follow":"follow","max-snippet":"max-snippet:-1","max-image-preview":"max-image-preview:large","max-video-preview":"max-video-preview:-1"},"canonical":"https:\/\/fotofrangonz.com\/es\/support","og_locale":"es_ES","og_type":"article","og_title":"Apoya el proyecto - Francisco Gonz\u00e1lez SOLEMNITY","og_description":"Si disfrutas del trabajo que comparto y te gustar\u00eda colaborar, mostrar aprecio, y ayudar a que pueda seguir creando m\u00e1s, puedes aportar con un donativo de la cantidad que quieras usando Paypal (no es necesario estar registrado).","og_url":"https:\/\/fotofrangonz.com\/es\/support","og_site_name":"Francisco Gonz\u00e1lez SOLEMNITY","article_publisher":"https:\/\/www.facebook.com\/fotofrangonz","article_modified_time":"2021-10-13T10:25:46+00:00","og_image":[{"width":640,"height":960,"url":"https:\/\/fotofrangonz.com\/wp-content\/uploads\/2016\/02\/2016-01-26_20-48-34-Campo-nocturno.jpg","type":"image\/jpeg"}],"twitter_card":"summary_large_image","twitter_site":"@fotofrangonz","twitter_misc":{"Tiempo de lectura":"1 minuto"},"schema":{"@context":"https:\/\/schema.org","@graph":[{"@type":"WebPage","@id":"https:\/\/fotofrangonz.com\/es\/support","url":"https:\/\/fotofrangonz.com\/es\/support","name":"Apoya el proyecto - Francisco Gonz\u00e1lez SOLEMNITY","isPartOf":{"@id":"https:\/\/fotofrangonz.com\/es\/#website"},"primaryImageOfPage":{"@id":"https:\/\/fotofrangonz.com\/es\/support#primaryimage"},"image":{"@id":"https:\/\/fotofrangonz.com\/es\/support#primaryimage"},"thumbnailUrl":"https:\/\/i0.wp.com\/fotofrangonz.com\/wp-content\/uploads\/2016\/02\/2016-01-26_20-48-34-Campo-nocturno.jpg?fit=640%2C960&ssl=1","datePublished":"2021-10-13T10:19:46+00:00","dateModified":"2021-10-13T10:25:46+00:00","breadcrumb":{"@id":"https:\/\/fotofrangonz.com\/es\/support#breadcrumb"},"inLanguage":"es","potentialAction":[{"@type":"ReadAction","target":["https:\/\/fotofrangonz.com\/es\/support"]}]},{"@type":"ImageObject","inLanguage":"es","@id":"https:\/\/fotofrangonz.com\/es\/support#primaryimage","url":"https:\/\/i0.wp.com\/fotofrangonz.com\/wp-content\/uploads\/2016\/02\/2016-01-26_20-48-34-Campo-nocturno.jpg?fit=640%2C960&ssl=1","contentUrl":"https:\/\/i0.wp.com\/fotofrangonz.com\/wp-content\/uploads\/2016\/02\/2016-01-26_20-48-34-Campo-nocturno.jpg?fit=640%2C960&ssl=1","width":640,"height":960,"caption":"Constelaci\u00f3n de Ori\u00f3n"},{"@type":"BreadcrumbList","@id":"https:\/\/fotofrangonz.com\/es\/support#breadcrumb","itemListElement":[{"@type":"ListItem","position":1,"name":"Portada","item":"https:\/\/fotofrangonz.com\/es"},{"@type":"ListItem","position":2,"name":"Apoya el proyecto"}]},{"@type":"WebSite","@id":"https:\/\/fotofrangonz.com\/es\/#website","url":"https:\/\/fotofrangonz.com\/es\/","name":"Francisco Gonz\u00e1lez SOLEMNITY","description":"Siente la magia de la fantas\u00eda, lo \u00e9pico y majestuoso, asombro m\u00edstico y espiritual.","potentialAction":[{"@type":"SearchAction","target":{"@type":"EntryPoint","urlTemplate":"https:\/\/fotofrangonz.com\/es\/?s={search_term_string}"},"query-input":{"@type":"PropertyValueSpecification","valueRequired":true,"valueName":"search_term_string"}}],"inLanguage":"es"}]}},"jetpack_sharing_enabled":true,"_links":{"self":[{"href":"https:\/\/fotofrangonz.com\/es\/wp-json\/wp\/v2\/pages\/3382","targetHints":{"allow":["GET"]}}],"collection":[{"href":"https:\/\/fotofrangonz.com\/es\/wp-json\/wp\/v2\/pages"}],"about":[{"href":"https:\/\/fotofrangonz.com\/es\/wp-json\/wp\/v2\/types\/page"}],"author":[{"embeddable":true,"href":"https:\/\/fotofrangonz.com\/es\/wp-json\/wp\/v2\/users\/1"}],"replies":[{"embeddable":true,"href":"https:\/\/fotofrangonz.com\/es\/wp-json\/wp\/v2\/comments?post=3382"}],"version-history":[{"count":5,"href":"https:\/\/fotofrangonz.com\/es\/wp-json\/wp\/v2\/pages\/3382\/revisions"}],"predecessor-version":[{"id":3387,"href":"https:\/\/fotofrangonz.com\/es\/wp-json\/wp\/v2\/pages\/3382\/revisions\/3387"}],"wp:featuredmedia":[{"embeddable":true,"href":"https:\/\/fotofrangonz.com\/es\/wp-json\/wp\/v2\/media\/48"}],"wp:attachment":[{"href":"https:\/\/fotofrangonz.com\/es\/wp-json\/wp\/v2\/media?parent=3382"}],"curies":[{"name":"wp","href":"https:\/\/api.w.org\/{rel}","templated":true}]}}